{"id":1513,"date":"2019-01-23T06:31:53","date_gmt":"2019-01-23T06:31:53","guid":{"rendered":"https:\/\/marianellos.com\/store\/"},"modified":"2024-04-29T18:35:10","modified_gmt":"2024-04-30T00:35:10","slug":"menu","status":"publish","type":"page","link":"https:\/\/marianellos.com\/?page_id=1513","title":{"rendered":"Men\u00fa"},"content":{"rendered":"\t\t<div data-elementor-type=\"wp-post\" data-elementor-id=\"1513\" class=\"elementor elementor-1513\">\n\t\t\t\t<div class=\"elementor-element elementor-element-d6dfd8a e-flex e-con-boxed e-con e-parent\" data-id=\"d6dfd8a\" data-element_type=\"container\">\n\t\t\t\t\t<div class=\"e-con-inner\">\n\t\t<div class=\"elementor-element elementor-element-3cc0248 e-con-full e-flex e-con e-child\" data-id=\"3cc0248\" data-element_type=\"container\">\n\t\t\t\t<div class=\"elementor-element elementor-element-364f55b elementor-widget elementor-widget-heading\" data-id=\"364f55b\" data-element_type=\"widget\" data-widget_type=\"heading.default\">\n\t\t\t\t<div class=\"elementor-widget-container\">\n\t\t\t<style>\/*! elementor - v3.21.0 - 25-04-2024 *\/\n.elementor-heading-title{padding:0;margin:0;line-height:1}.elementor-widget-heading .elementor-heading-title[class*=elementor-size-]>a{color:inherit;font-size:inherit;line-height:inherit}.elementor-widget-heading .elementor-heading-title.elementor-size-small{font-size:15px}.elementor-widget-heading .elementor-heading-title.elementor-size-medium{font-size:19px}.elementor-widget-heading .elementor-heading-title.elementor-size-large{font-size:29px}.elementor-widget-heading .elementor-heading-title.elementor-size-xl{font-size:39px}.elementor-widget-heading .elementor-heading-title.elementor-size-xxl{font-size:59px}<\/style><h2 class=\"elementor-heading-title elementor-size-default\">- Men\u00fa  -<\/h2>\t\t<\/div>\n\t\t\t\t<\/div>\n\t\t\t\t<div class=\"elementor-element elementor-element-57fc8a1 elementor-widget elementor-widget-wpc-menu\" data-id=\"57fc8a1\" data-element_type=\"widget\" data-widget_type=\"wpc-menu.default\">\n\t\t\t\t<div class=\"elementor-widget-container\">\n\t\t\t    <div class=\"wpc-nav-shortcode main_wrapper_57fc8a1 \" data-id=\"57fc8a1\">\n        <div class=\"list_template_57fc8a1 wpc-nav-shortcode wpc-widget-wrapper\">\n            \n\t\t\t<div class=\"wpc-food-menu-item style2\">\n\t\t\t\t\t\t\t<div class=\"wpc-row\">\n\t\t\t\t\t\t\t\t\t<div class=\"wpc-col-md-8 wpc-align-self-center\">\n\t\t\t\t\t\t\t\t\t\t\t<div class=\"wpc-food-inner-content\">\n\t\t\t\t\t\t\t\t\t\t\t\t\t<!-- display tag -->\n\t\t\t\t\t\t\t\t\t\t\t<div class=\"wpc-menu-tag-wrap\">\n\t\t\t\t\t\t\t\t\t\t\t\t\t<ul class=\"wpc-menu-tag\">\n\t\t\t<li>Agotado<\/li>\t\t<\/ul>\n\t\t\t\t\t\t\t\t\t\t\t\t\t\t\t\t\t\t\t\t\t\t\t\t\t\t\t\t<\/div>\n\t\t\t\t\t\t\t\t\t\t\t\t\t<h3 class=\"wpc-post-title\">\n\t\t\t\t\t\t\t\t\t\t\t\t\t\t\t<a href=\"https:\/\/marianellos.com\/?product=pizza-queso-2\"\n\t\t\t\t\t\t\t\t\t\t\t\t\t\t\t\t\tclass=\"\">Mollini\t\t\t\t\t\t\t\t\t\t\t\t\t\t\t<\/a>\n\n\t\t\t\t\t\t\t\t\t\t\t\t\t<\/h3>\n\t\t\t\t\t\t\t\t\t\t\t\t\t\t\t\t\t\t\t\t\t\t\t\t\t\t\t\t\t\t\t\t\t\t\t\t\t\t\t<p>\n\t\t\t\t\t\t\t\t\t\t\t\t\t\t\tNuestra versi\u00f3n del mollete italiano. Excelente opci\u00f3n para compartir durante el desayuno. Ingredientes: Base de frijol y queso Monterrey Jack especial para gratinar.\t\t\t\t\t\t\t\t\t\t\t\t\t<\/p>\n\t\t\t\t\t\t\t\t\t\t\t\t\t\n\t\t\t\t\t\t\t\t\t\t\t<\/div>\n\t\t\t\t\t\t\t\t\t<\/div>\n\t\t\t\t\t\t\t\t\t<!-- thumbnail -->\n\t\t\t\t\t\t\t\t\t\t\t\t\t\t\t\t\t\t\t\t\t\t\t\t<div class=\"wpc-col-md-4\">\n\t\t\t\t\t\t\t\t\t\t\t\t\t\t\t\t\t<div class=\"wpc-food-menu-thumb\">\n\t\t\t\t\t\t\t\t\t\t\t\t\t\t\t\t\t\t\t\t\t\t\t\t\t\t\t\t\t\t\t\t\t\t\t\t\t\t<span class=\"wpc-menu-currency\">\n\t\t\t\t\t\t\t\t\t\t\t\t\t\t\t\t\t\t\t\t\t<span class=\"woocommerce-Price-amount amount\"><span class=\"woocommerce-Price-currencySymbol\">&#036;<\/span>150.00<\/span><\/span>\n\t\t\t\t\t\t\t\t\t\t\t\t\t\t\t\t\t\t\t<\/span>\n\t\t\t\t\t\t\t\t\t\t\t\t\t\t\t\t\t\t\t\t\t\t\t\t\t\t\t\t\t\t\t\t\t\t\t\t\t\t<a href=\"https:\/\/marianellos.com\/?product=pizza-queso-2\"\n\t\t\t\t\t\t\t\t\t\t\t\t\t\t\t\t\t\t\t\t\tclass=\"\">\n\t\t\t\t\t\t\t\t\t\t\t\t\t\t\t\t\t\t\t\t\t<img fetchpriority=\"high\" decoding=\"async\" width=\"300\" height=\"300\" src=\"https:\/\/marianellos.com\/wp-content\/uploads\/2024\/07\/1000146372-300x300.jpg\" class=\"attachment-woocommerce_thumbnail size-woocommerce_thumbnail\" alt=\"\" \/>\t\t\t\t\t\t\t\t\t\t\t\t\t\t\t\t\t\t\t<\/a>\n\t\t\t\t\t\t\t\t\t\t\t\t\t\t\t\t\t\t\t\t\t\t\t\t\t\t\t\t\t\t\t\t\t\t\t\t<\/div>\n\t\t\t\t\t\t\t\t\t\t\t\t\t\t\t<\/div>\n\t\t\t\t\t\t\t\t\t\t\t\t\t\t\t\t\t\t\t\t\t\t<\/div>\n\t\t\t\t\t<\/div>\n\t\t\t\n\t\t\t<div class=\"wpc-food-menu-item style2\">\n\t\t\t\t\t\t\t<div class=\"wpc-row\">\n\t\t\t\t\t\t\t\t\t<div class=\"wpc-col-md-8 wpc-align-self-center\">\n\t\t\t\t\t\t\t\t\t\t\t<div class=\"wpc-food-inner-content\">\n\t\t\t\t\t\t\t\t\t\t\t\t\t<!-- display tag -->\n\t\t\t\t\t\t\t\t\t\t\t<div class=\"wpc-menu-tag-wrap\">\n\t\t\t\t\t\t\t\t\t\t\t\t\t<ul class=\"wpc-menu-tag\">\n\t\t\t<li>Agotado<\/li>\t\t<\/ul>\n\t\t\t\t\t\t\t\t\t\t\t\t\t\t\t\t\t\t\t\t\t\t\t\t\t\t\t\t<\/div>\n\t\t\t\t\t\t\t\t\t\t\t\t\t<h3 class=\"wpc-post-title\">\n\t\t\t\t\t\t\t\t\t\t\t\t\t\t\t<a href=\"https:\/\/marianellos.com\/?product=pizza-siciliana\"\n\t\t\t\t\t\t\t\t\t\t\t\t\t\t\t\t\tclass=\"\">Pizza Siciliana\t\t\t\t\t\t\t\t\t\t\t\t\t\t\t<\/a>\n\n\t\t\t\t\t\t\t\t\t\t\t\t\t<\/h3>\n\t\t\t\t\t\t\t\t\t\t\t\t\t\t\t\t\t\t\t\t\t\t\t\t\t\t\t\t\t\t\t\t\t\t\t\t\t\t\t<p>\n\t\t\t\t\t\t\t\t\t\t\t\t\t\t\tMenos es m\u00e1s. Desc\u00fabrelo t\u00fa mismo al probar esta exquisita combinaci\u00f3n. Ingredientes: salsa de tomate, queso mozzarella, salchicha italiana y cebolla.\t\t\t\t\t\t\t\t\t\t\t\t\t<\/p>\n\t\t\t\t\t\t\t\t\t\t\t\t\t\n\t\t\t\t\t\t\t\t\t\t\t<\/div>\n\t\t\t\t\t\t\t\t\t<\/div>\n\t\t\t\t\t\t\t\t\t<!-- thumbnail -->\n\t\t\t\t\t\t\t\t\t\t\t\t\t\t\t\t\t\t\t\t\t\t\t\t<div class=\"wpc-col-md-4\">\n\t\t\t\t\t\t\t\t\t\t\t\t\t\t\t\t\t<div class=\"wpc-food-menu-thumb\">\n\t\t\t\t\t\t\t\t\t\t\t\t\t\t\t\t\t\t\t\t\t\t\t\t\t\t\t\t\t\t\t\t\t\t\t\t\t\t<span class=\"wpc-menu-currency\">\n\t\t\t\t\t\t\t\t\t\t\t\t\t\t\t\t\t\t\t\t\t<span class=\"woocommerce-Price-amount amount\"><span class=\"woocommerce-Price-currencySymbol\">&#036;<\/span>150.00<\/span><\/span>\n\t\t\t\t\t\t\t\t\t\t\t\t\t\t\t\t\t\t\t<\/span>\n\t\t\t\t\t\t\t\t\t\t\t\t\t\t\t\t\t\t\t\t\t\t\t\t\t\t\t\t\t\t\t\t\t\t\t\t\t\t<a href=\"https:\/\/marianellos.com\/?product=pizza-siciliana\"\n\t\t\t\t\t\t\t\t\t\t\t\t\t\t\t\t\t\t\t\t\tclass=\"\">\n\t\t\t\t\t\t\t\t\t\t\t\t\t\t\t\t\t\t\t\t\t<img decoding=\"async\" width=\"300\" height=\"300\" src=\"https:\/\/marianellos.com\/wp-content\/uploads\/2024\/07\/PIZZA10-300x300.jpg\" class=\"attachment-woocommerce_thumbnail size-woocommerce_thumbnail\" alt=\"\" \/>\t\t\t\t\t\t\t\t\t\t\t\t\t\t\t\t\t\t\t<\/a>\n\t\t\t\t\t\t\t\t\t\t\t\t\t\t\t\t\t\t\t\t\t\t\t\t\t\t\t\t\t\t\t\t\t\t\t\t<\/div>\n\t\t\t\t\t\t\t\t\t\t\t\t\t\t\t<\/div>\n\t\t\t\t\t\t\t\t\t\t\t\t\t\t\t\t\t\t\t\t\t\t<\/div>\n\t\t\t\t\t<\/div>\n\t\t\t\n\t\t\t<div class=\"wpc-food-menu-item style2\">\n\t\t\t\t\t\t\t<div class=\"wpc-row\">\n\t\t\t\t\t\t\t\t\t<div class=\"wpc-col-md-8 wpc-align-self-center\">\n\t\t\t\t\t\t\t\t\t\t\t<div class=\"wpc-food-inner-content\">\n\t\t\t\t\t\t\t\t\t\t\t\t\t<!-- display tag -->\n\t\t\t\t\t\t\t\t\t\t\t<div class=\"wpc-menu-tag-wrap\">\n\t\t\t\t\t\t\t\t\t\t\t\t\t<ul class=\"wpc-menu-tag\">\n\t\t\t<li>Agotado<\/li>\t\t<\/ul>\n\t\t\t\t\t\t\t\t\t\t\t\t\t\t\t\t\t\t\t\t\t\t\t\t\t\t\t\t<\/div>\n\t\t\t\t\t\t\t\t\t\t\t\t\t<h3 class=\"wpc-post-title\">\n\t\t\t\t\t\t\t\t\t\t\t\t\t\t\t<a href=\"https:\/\/marianellos.com\/?product=pizza-3-carnes\"\n\t\t\t\t\t\t\t\t\t\t\t\t\t\t\t\t\tclass=\"\">Pizza 3 carnes\t\t\t\t\t\t\t\t\t\t\t\t\t\t\t<\/a>\n\n\t\t\t\t\t\t\t\t\t\t\t\t\t<\/h3>\n\t\t\t\t\t\t\t\t\t\t\t\t\t\t\t\t\t\t\t\t\t\t\t\t\t\t\t\t\t\t\t\t\t\t\t\t\t\t\t<p>\n\t\t\t\t\t\t\t\t\t\t\t\t\t\t\tUna mezcla deliciosa y tradicional de 3 carnes para los que el pepperoni no les es suficiente. Ingredientes: salsa de tomate, queso mozzarella, pepperoni, tocino y salchicha italiana.\t\t\t\t\t\t\t\t\t\t\t\t\t<\/p>\n\t\t\t\t\t\t\t\t\t\t\t\t\t\n\t\t\t\t\t\t\t\t\t\t\t<\/div>\n\t\t\t\t\t\t\t\t\t<\/div>\n\t\t\t\t\t\t\t\t\t<!-- thumbnail -->\n\t\t\t\t\t\t\t\t\t\t\t\t\t\t\t\t\t\t\t\t\t\t\t\t<div class=\"wpc-col-md-4\">\n\t\t\t\t\t\t\t\t\t\t\t\t\t\t\t\t\t<div class=\"wpc-food-menu-thumb\">\n\t\t\t\t\t\t\t\t\t\t\t\t\t\t\t\t\t\t\t\t\t\t\t\t\t\t\t\t\t\t\t\t\t\t\t\t\t\t<span class=\"wpc-menu-currency\">\n\t\t\t\t\t\t\t\t\t\t\t\t\t\t\t\t\t\t\t\t\t<span class=\"woocommerce-Price-amount amount\"><span class=\"woocommerce-Price-currencySymbol\">&#036;<\/span>170.00<\/span><\/span>\n\t\t\t\t\t\t\t\t\t\t\t\t\t\t\t\t\t\t\t<\/span>\n\t\t\t\t\t\t\t\t\t\t\t\t\t\t\t\t\t\t\t\t\t\t\t\t\t\t\t\t\t\t\t\t\t\t\t\t\t\t<a href=\"https:\/\/marianellos.com\/?product=pizza-3-carnes\"\n\t\t\t\t\t\t\t\t\t\t\t\t\t\t\t\t\t\t\t\t\tclass=\"\">\n\t\t\t\t\t\t\t\t\t\t\t\t\t\t\t\t\t\t\t\t\t<img decoding=\"async\" width=\"300\" height=\"300\" src=\"https:\/\/marianellos.com\/wp-content\/uploads\/2024\/07\/1000139433-300x300.jpg\" class=\"attachment-woocommerce_thumbnail size-woocommerce_thumbnail\" alt=\"\" \/>\t\t\t\t\t\t\t\t\t\t\t\t\t\t\t\t\t\t\t<\/a>\n\t\t\t\t\t\t\t\t\t\t\t\t\t\t\t\t\t\t\t\t\t\t\t\t\t\t\t\t\t\t\t\t\t\t\t\t<\/div>\n\t\t\t\t\t\t\t\t\t\t\t\t\t\t\t<\/div>\n\t\t\t\t\t\t\t\t\t\t\t\t\t\t\t\t\t\t\t\t\t\t<\/div>\n\t\t\t\t\t<\/div>\n\t\t\t\n\t\t\t<div class=\"wpc-food-menu-item style2\">\n\t\t\t\t\t\t\t<div class=\"wpc-row\">\n\t\t\t\t\t\t\t\t\t<div class=\"wpc-col-md-8 wpc-align-self-center\">\n\t\t\t\t\t\t\t\t\t\t\t<div class=\"wpc-food-inner-content\">\n\t\t\t\t\t\t\t\t\t\t\t\t\t<!-- display tag -->\n\t\t\t\t\t\t\t\t\t\t\t<div class=\"wpc-menu-tag-wrap\">\n\t\t\t\t\t\t\t\t\t\t\t\t\t<ul class=\"wpc-menu-tag\">\n\t\t\t<li>Agotado<\/li>\t\t<\/ul>\n\t\t\t\t\t\t\t\t\t\t\t\t\t\t\t\t\t\t\t\t\t\t\t\t\t\t\t\t<\/div>\n\t\t\t\t\t\t\t\t\t\t\t\t\t<h3 class=\"wpc-post-title\">\n\t\t\t\t\t\t\t\t\t\t\t\t\t\t\t<a href=\"https:\/\/marianellos.com\/?product=pizza-hawaiana\"\n\t\t\t\t\t\t\t\t\t\t\t\t\t\t\t\t\tclass=\"\">Pizza Hawaiana\t\t\t\t\t\t\t\t\t\t\t\t\t\t\t<\/a>\n\n\t\t\t\t\t\t\t\t\t\t\t\t\t<\/h3>\n\t\t\t\t\t\t\t\t\t\t\t\t\t\t\t\t\t\t\t\t\t\t\t\t\t\t\t\t\t\t\t\t\t\t\t\t\t\t\t<p>\n\t\t\t\t\t\t\t\t\t\t\t\t\t\t\t!La odias o la amas! y a petici\u00f3n de nuestros clientes que tanto la aman aqu\u00ed la tenemos. Ingredientes: salsa de tomate, queso mozzarella, jam\u00f3n de pavo y pi\u00f1a.\t\t\t\t\t\t\t\t\t\t\t\t\t<\/p>\n\t\t\t\t\t\t\t\t\t\t\t\t\t\n\t\t\t\t\t\t\t\t\t\t\t<\/div>\n\t\t\t\t\t\t\t\t\t<\/div>\n\t\t\t\t\t\t\t\t\t<!-- thumbnail -->\n\t\t\t\t\t\t\t\t\t\t\t\t\t\t\t\t\t\t\t\t\t\t\t\t<div class=\"wpc-col-md-4\">\n\t\t\t\t\t\t\t\t\t\t\t\t\t\t\t\t\t<div class=\"wpc-food-menu-thumb\">\n\t\t\t\t\t\t\t\t\t\t\t\t\t\t\t\t\t\t\t\t\t\t\t\t\t\t\t\t\t\t\t\t\t\t\t\t\t\t<span class=\"wpc-menu-currency\">\n\t\t\t\t\t\t\t\t\t\t\t\t\t\t\t\t\t\t\t\t\t<span class=\"woocommerce-Price-amount amount\"><span class=\"woocommerce-Price-currencySymbol\">&#036;<\/span>150.00<\/span><\/span>\n\t\t\t\t\t\t\t\t\t\t\t\t\t\t\t\t\t\t\t<\/span>\n\t\t\t\t\t\t\t\t\t\t\t\t\t\t\t\t\t\t\t\t\t\t\t\t\t\t\t\t\t\t\t\t\t\t\t\t\t\t<a href=\"https:\/\/marianellos.com\/?product=pizza-hawaiana\"\n\t\t\t\t\t\t\t\t\t\t\t\t\t\t\t\t\t\t\t\t\tclass=\"\">\n\t\t\t\t\t\t\t\t\t\t\t\t\t\t\t\t\t\t\t\t\t<img loading=\"lazy\" decoding=\"async\" width=\"300\" height=\"300\" src=\"https:\/\/marianellos.com\/wp-content\/uploads\/2024\/07\/1000128718-300x300.jpg\" class=\"attachment-woocommerce_thumbnail size-woocommerce_thumbnail\" alt=\"\" \/>\t\t\t\t\t\t\t\t\t\t\t\t\t\t\t\t\t\t\t<\/a>\n\t\t\t\t\t\t\t\t\t\t\t\t\t\t\t\t\t\t\t\t\t\t\t\t\t\t\t\t\t\t\t\t\t\t\t\t<\/div>\n\t\t\t\t\t\t\t\t\t\t\t\t\t\t\t<\/div>\n\t\t\t\t\t\t\t\t\t\t\t\t\t\t\t\t\t\t\t\t\t\t<\/div>\n\t\t\t\t\t<\/div>\n\t\t\t\n\t\t\t<div class=\"wpc-food-menu-item style2\">\n\t\t\t\t\t\t\t<div class=\"wpc-row\">\n\t\t\t\t\t\t\t\t\t<div class=\"wpc-col-md-8 wpc-align-self-center\">\n\t\t\t\t\t\t\t\t\t\t\t<div class=\"wpc-food-inner-content\">\n\t\t\t\t\t\t\t\t\t\t\t\t\t<!-- display tag -->\n\t\t\t\t\t\t\t\t\t\t\t<div class=\"wpc-menu-tag-wrap\">\n\t\t\t\t\t\t\t\t\t\t\t\t\t<ul class=\"wpc-menu-tag\">\n\t\t\t<li>Agotado<\/li>\t\t<\/ul>\n\t\t\t\t\t\t\t\t\t\t\t\t\t\t\t\t\t\t\t\t\t\t\t\t\t\t\t\t<\/div>\n\t\t\t\t\t\t\t\t\t\t\t\t\t<h3 class=\"wpc-post-title\">\n\t\t\t\t\t\t\t\t\t\t\t\t\t\t\t<a href=\"https:\/\/marianellos.com\/?product=pizza-queso\"\n\t\t\t\t\t\t\t\t\t\t\t\t\t\t\t\t\tclass=\"\">Pizza Extra Queso\t\t\t\t\t\t\t\t\t\t\t\t\t\t\t<\/a>\n\n\t\t\t\t\t\t\t\t\t\t\t\t\t<\/h3>\n\t\t\t\t\t\t\t\t\t\t\t\t\t\t\t\t\t\t\t\t\t\t\t\t\t\t\t\t\t\t\t\t\t\t\t\t\t\t\t<p>\n\t\t\t\t\t\t\t\t\t\t\t\t\t\t\tArma en casa tu propia creaci\u00f3n o simplemente disfruta de la simplicidad de nuestra deliciosa salsa de tomate y cremoso queso mozzarella. Ingredientes: salsa de tomate y queso mozzarella de baja humedad\t\t\t\t\t\t\t\t\t\t\t\t\t<\/p>\n\t\t\t\t\t\t\t\t\t\t\t\t\t\n\t\t\t\t\t\t\t\t\t\t\t<\/div>\n\t\t\t\t\t\t\t\t\t<\/div>\n\t\t\t\t\t\t\t\t\t<!-- thumbnail -->\n\t\t\t\t\t\t\t\t\t\t\t\t\t\t\t\t\t\t\t\t\t\t\t\t<div class=\"wpc-col-md-4\">\n\t\t\t\t\t\t\t\t\t\t\t\t\t\t\t\t\t<div class=\"wpc-food-menu-thumb\">\n\t\t\t\t\t\t\t\t\t\t\t\t\t\t\t\t\t\t\t\t\t\t\t\t\t\t\t\t\t\t\t\t\t\t\t\t\t\t<span class=\"wpc-menu-currency\">\n\t\t\t\t\t\t\t\t\t\t\t\t\t\t\t\t\t\t\t\t\t<span class=\"woocommerce-Price-amount amount\"><span class=\"woocommerce-Price-currencySymbol\">&#036;<\/span>150.00<\/span><\/span>\n\t\t\t\t\t\t\t\t\t\t\t\t\t\t\t\t\t\t\t<\/span>\n\t\t\t\t\t\t\t\t\t\t\t\t\t\t\t\t\t\t\t\t\t\t\t\t\t\t\t\t\t\t\t\t\t\t\t\t\t\t<a href=\"https:\/\/marianellos.com\/?product=pizza-queso\"\n\t\t\t\t\t\t\t\t\t\t\t\t\t\t\t\t\t\t\t\t\tclass=\"\">\n\t\t\t\t\t\t\t\t\t\t\t\t\t\t\t\t\t\t\t\t\t<img loading=\"lazy\" decoding=\"async\" width=\"300\" height=\"300\" src=\"https:\/\/marianellos.com\/wp-content\/uploads\/2024\/07\/1000128719-300x300.jpg\" class=\"attachment-woocommerce_thumbnail size-woocommerce_thumbnail\" alt=\"\" \/>\t\t\t\t\t\t\t\t\t\t\t\t\t\t\t\t\t\t\t<\/a>\n\t\t\t\t\t\t\t\t\t\t\t\t\t\t\t\t\t\t\t\t\t\t\t\t\t\t\t\t\t\t\t\t\t\t\t\t<\/div>\n\t\t\t\t\t\t\t\t\t\t\t\t\t\t\t<\/div>\n\t\t\t\t\t\t\t\t\t\t\t\t\t\t\t\t\t\t\t\t\t\t<\/div>\n\t\t\t\t\t<\/div>\n\t\t\t\n\t\t\t<div class=\"wpc-food-menu-item style2\">\n\t\t\t\t\t\t\t<div class=\"wpc-row\">\n\t\t\t\t\t\t\t\t\t<div class=\"wpc-col-md-8 wpc-align-self-center\">\n\t\t\t\t\t\t\t\t\t\t\t<div class=\"wpc-food-inner-content\">\n\t\t\t\t\t\t\t\t\t\t\t\t\t<!-- display tag -->\n\t\t\t\t\t\t\t\t\t\t\t<div class=\"wpc-menu-tag-wrap\">\n\t\t\t\t\t\t\t\t\t\t\t\t\t<ul class=\"wpc-menu-tag\">\n\t\t\t<li>Agotado<\/li>\t\t<\/ul>\n\t\t\t\t\t\t\t\t\t\t\t\t\t\t\t\t\t\t\t\t\t\t\t\t\t\t\t\t<\/div>\n\t\t\t\t\t\t\t\t\t\t\t\t\t<h3 class=\"wpc-post-title\">\n\t\t\t\t\t\t\t\t\t\t\t\t\t\t\t<a href=\"https:\/\/marianellos.com\/?product=pizza-pepperonni\"\n\t\t\t\t\t\t\t\t\t\t\t\t\t\t\t\t\tclass=\"\">Pizza Pepperoni\t\t\t\t\t\t\t\t\t\t\t\t\t\t\t<\/a>\n\n\t\t\t\t\t\t\t\t\t\t\t\t\t<\/h3>\n\t\t\t\t\t\t\t\t\t\t\t\t\t\t\t\t\t\t\t\t\t\t\t\t\t\t\t\t\t\t\t\t\t\t\t\t\t\t\t<p>\n\t\t\t\t\t\t\t\t\t\t\t\t\t\t\t!La favorita de los ni\u00f1os! Ideal para toda ocasi\u00f3n y para todos los gustos. Ingredientes: salsa de tomate, queso mozzarella y abundante pepperoni\t\t\t\t\t\t\t\t\t\t\t\t\t<\/p>\n\t\t\t\t\t\t\t\t\t\t\t\t\t\n\t\t\t\t\t\t\t\t\t\t\t<\/div>\n\t\t\t\t\t\t\t\t\t<\/div>\n\t\t\t\t\t\t\t\t\t<!-- thumbnail -->\n\t\t\t\t\t\t\t\t\t\t\t\t\t\t\t\t\t\t\t\t\t\t\t\t<div class=\"wpc-col-md-4\">\n\t\t\t\t\t\t\t\t\t\t\t\t\t\t\t\t\t<div class=\"wpc-food-menu-thumb\">\n\t\t\t\t\t\t\t\t\t\t\t\t\t\t\t\t\t\t\t\t\t\t\t\t\t\t\t\t\t\t\t\t\t\t\t\t\t\t<span class=\"wpc-menu-currency\">\n\t\t\t\t\t\t\t\t\t\t\t\t\t\t\t\t\t\t\t\t\t<span class=\"woocommerce-Price-amount amount\"><span class=\"woocommerce-Price-currencySymbol\">&#036;<\/span>150.00<\/span><\/span>\n\t\t\t\t\t\t\t\t\t\t\t\t\t\t\t\t\t\t\t<\/span>\n\t\t\t\t\t\t\t\t\t\t\t\t\t\t\t\t\t\t\t\t\t\t\t\t\t\t\t\t\t\t\t\t\t\t\t\t\t\t<a href=\"https:\/\/marianellos.com\/?product=pizza-pepperonni\"\n\t\t\t\t\t\t\t\t\t\t\t\t\t\t\t\t\t\t\t\t\tclass=\"\">\n\t\t\t\t\t\t\t\t\t\t\t\t\t\t\t\t\t\t\t\t\t<img loading=\"lazy\" decoding=\"async\" width=\"300\" height=\"300\" src=\"https:\/\/marianellos.com\/wp-content\/uploads\/2024\/07\/1000128720-300x300.jpg\" class=\"attachment-woocommerce_thumbnail size-woocommerce_thumbnail\" alt=\"\" \/>\t\t\t\t\t\t\t\t\t\t\t\t\t\t\t\t\t\t\t<\/a>\n\t\t\t\t\t\t\t\t\t\t\t\t\t\t\t\t\t\t\t\t\t\t\t\t\t\t\t\t\t\t\t\t\t\t\t\t<\/div>\n\t\t\t\t\t\t\t\t\t\t\t\t\t\t\t<\/div>\n\t\t\t\t\t\t\t\t\t\t\t\t\t\t\t\t\t\t\t\t\t\t<\/div>\n\t\t\t\t\t<\/div>\n\t\t\t        <\/div>\n    <\/div>\n    \t\t<\/div>\n\t\t\t\t<\/div>\n\t\t\t\t<\/div>\n\t\t\t\t\t<\/div>\n\t\t\t\t<\/div>\n\t\t\t\t<\/div>\n\t\t","protected":false},"excerpt":{"rendered":"<p>&#8211; Men\u00fa &#8211; Pizza Firenze Una pizza para quienes gustan de sabores mas complejos como son nuestras aceitunas negras espa\u00f1olas de maduraci\u00f3n tard\u00eda (cacere\u00f1a y hojiblanca) y nuestro tradicional queso &#8220;parmigiano reggiano&#8221;\u00a0 autentico de Italia. Ingredientes: Salsa de tomate, queso mozzarella, pepperoni, aceitunas negras y parmigiano reggiano. &#036;180.00 El precio original era: &#036;180.00.&#036;150.00El precio actual [&hellip;]<\/p>\n","protected":false},"author":1,"featured_media":0,"parent":0,"menu_order":0,"comment_status":"closed","ping_status":"closed","template":"","meta":{"site-sidebar-layout":"no-sidebar","site-content-layout":"page-builder","ast-site-content-layout":"","site-content-style":"default","site-sidebar-style":"default","ast-global-header-display":"","ast-banner-title-visibility":"","ast-main-header-display":"","ast-hfb-above-header-display":"","ast-hfb-below-header-display":"","ast-hfb-mobile-header-display":"","site-post-title":"disabled","ast-breadcrumbs-content":"","ast-featured-img":"","footer-sml-layout":"","theme-transparent-header-meta":"enabled","adv-header-id-meta":"","stick-header-meta":"","header-above-stick-meta":"","header-main-stick-meta":"","header-below-stick-meta":"","astra-migrate-meta-layouts":"default","ast-page-background-enabled":"default","ast-page-background-meta":{"desktop":{"background-color":"","background-image":"","background-repeat":"repeat","background-position":"center center","background-size":"auto","background-attachment":"scroll","background-type":"","background-media":"","overlay-type":"","overlay-color":"","overlay-gradient":""},"tablet":{"background-color":"","background-image":"","background-repeat":"repeat","background-position":"center center","background-size":"auto","background-attachment":"scroll","background-type":"","background-media":"","overlay-type":"","overlay-color":"","overlay-gradient":""},"mobile":{"background-color":"","background-image":"","background-repeat":"repeat","background-position":"center center","background-size":"auto","background-attachment":"scroll","background-type":"","background-media":"","overlay-type":"","overlay-color":"","overlay-gradient":""}},"ast-content-background-meta":{"desktop":{"background-color":"var(--ast-global-color-5)","background-image":"","background-repeat":"repeat","background-position":"center center","background-size":"auto","background-attachment":"scroll","background-type":"","background-media":"","overlay-type":"","overlay-color":"","overlay-gradient":""},"tablet":{"background-color":"var(--ast-global-color-5)","background-image":"","background-repeat":"repeat","background-position":"center center","background-size":"auto","background-attachment":"scroll","background-type":"","background-media":"","overlay-type":"","overlay-color":"","overlay-gradient":""},"mobile":{"background-color":"var(--ast-global-color-5)","background-image":"","background-repeat":"repeat","background-position":"center center","background-size":"auto","background-attachment":"scroll","background-type":"","background-media":"","overlay-type":"","overlay-color":"","overlay-gradient":""}},"footnotes":""},"jetpack_sharing_enabled":true,"_links":{"self":[{"href":"https:\/\/marianellos.com\/index.php?rest_route=\/wp\/v2\/pages\/1513"}],"collection":[{"href":"https:\/\/marianellos.com\/index.php?rest_route=\/wp\/v2\/pages"}],"about":[{"href":"https:\/\/marianellos.com\/index.php?rest_route=\/wp\/v2\/types\/page"}],"author":[{"embeddable":true,"href":"https:\/\/marianellos.com\/index.php?rest_route=\/wp\/v2\/users\/1"}],"replies":[{"embeddable":true,"href":"https:\/\/marianellos.com\/index.php?rest_route=%2Fwp%2Fv2%2Fcomments&post=1513"}],"version-history":[{"count":36,"href":"https:\/\/marianellos.com\/index.php?rest_route=\/wp\/v2\/pages\/1513\/revisions"}],"predecessor-version":[{"id":2104,"href":"https:\/\/marianellos.com\/index.php?rest_route=\/wp\/v2\/pages\/1513\/revisions\/2104"}],"wp:attachment":[{"href":"https:\/\/marianellos.com\/index.php?rest_route=%2Fwp%2Fv2%2Fmedia&parent=1513"}],"curies":[{"name":"wp","href":"https:\/\/api.w.org\/{rel}","templated":true}]}}